{"id":24,"date":"2024-03-15T20:44:03","date_gmt":"2024-03-15T23:44:03","guid":{"rendered":"https:\/\/iflyexport.com\/?page_id=24"},"modified":"2024-03-15T20:45:35","modified_gmt":"2024-03-15T23:45:35","slug":"o-caminho-inteligente-para-suas-compras-globais","status":"publish","type":"page","link":"https:\/\/iflyexport.com\/index.php\/o-caminho-inteligente-para-suas-compras-globais\/","title":{"rendered":"O Caminho Inteligente para Suas Compras Globais"},"content":{"rendered":"\t\t<div data-elementor-type=\"wp-post\" data-elementor-id=\"24\" class=\"elementor elementor-24\">\n\t\t\t\t<div class=\"elementor-element elementor-element-9ccb7a8 e-flex e-con-boxed e-con e-parent\" data-id=\"9ccb7a8\" data-element_type=\"container\" data-core-v316-plus=\"true\">\n\t\t\t\t\t<div class=\"e-con-inner\">\n\t\t<div class=\"elementor-element elementor-element-bbc3c98 e-con-full e-flex e-con e-child\" data-id=\"bbc3c98\" data-element_type=\"container\">\n\t\t\t\t<div class=\"elementor-element elementor-element-8d449cf elementor-widget elementor-widget-image\" data-id=\"8d449cf\" data-element_type=\"widget\" data-widget_type=\"image.default\">\n\t\t\t\t<div class=\"elementor-widget-container\">\n\t\t\t<style>\/*! elementor - v3.20.0 - 13-03-2024 *\/\n.elementor-widget-image{text-align:center}.elementor-widget-image a{display:inline-block}.elementor-widget-image a img[src$=\".svg\"]{width:48px}.elementor-widget-image img{vertical-align:middle;display:inline-block}<\/style>\t\t\t\t\t\t\t\t\t\t<img fetchpriority=\"high\" decoding=\"async\" width=\"1024\" height=\"683\" src=\"https:\/\/iflyexport.com\/wp-content\/uploads\/2024\/03\/cropped-delivery-man-1024x683.jpg\" class=\"attachment-large size-large wp-image-15\" alt=\"\" srcset=\"https:\/\/iflyexport.com\/wp-content\/uploads\/2024\/03\/cropped-delivery-man-1024x683.jpg 1024w, https:\/\/iflyexport.com\/wp-content\/uploads\/2024\/03\/cropped-delivery-man-300x200.jpg 300w, https:\/\/iflyexport.com\/wp-content\/uploads\/2024\/03\/cropped-delivery-man-768x512.jpg 768w, https:\/\/iflyexport.com\/wp-content\/uploads\/2024\/03\/cropped-delivery-man-1536x1024.jpg 1536w, https:\/\/iflyexport.com\/wp-content\/uploads\/2024\/03\/cropped-delivery-man-380x254.jpg 380w, https:\/\/iflyexport.com\/wp-content\/uploads\/2024\/03\/cropped-delivery-man-600x400.jpg 600w, https:\/\/iflyexport.com\/wp-content\/uploads\/2024\/03\/cropped-delivery-man.jpg 1600w\" sizes=\"(max-width: 1024px) 100vw, 1024px\" \/>\t\t\t\t\t\t\t\t\t\t\t\t\t<\/div>\n\t\t\t\t<\/div>\n\t\t\t\t<\/div>\n\t\t<div class=\"elementor-element elementor-element-291a681 e-con-full e-flex e-con e-child\" data-id=\"291a681\" data-element_type=\"container\">\n\t\t<div class=\"elementor-element elementor-element-2e422f7 e-flex e-con-boxed e-con e-child\" data-id=\"2e422f7\" data-element_type=\"container\">\n\t\t\t\t\t<div class=\"e-con-inner\">\n\t\t\t\t<div class=\"elementor-element elementor-element-aa9df5e elementor-widget elementor-widget-heading\" data-id=\"aa9df5e\" data-element_type=\"widget\" data-widget_type=\"heading.default\">\n\t\t\t\t<div class=\"elementor-widget-container\">\n\t\t\t<style>\/*! elementor - v3.20.0 - 13-03-2024 *\/\n.elementor-heading-title{padding:0;margin:0;line-height:1}.elementor-widget-heading .elementor-heading-title[class*=elementor-size-]>a{color:inherit;font-size:inherit;line-height:inherit}.elementor-widget-heading .elementor-heading-title.elementor-size-small{font-size:15px}.elementor-widget-heading .elementor-heading-title.elementor-size-medium{font-size:19px}.elementor-widget-heading .elementor-heading-title.elementor-size-large{font-size:29px}.elementor-widget-heading .elementor-heading-title.elementor-size-xl{font-size:39px}.elementor-widget-heading .elementor-heading-title.elementor-size-xxl{font-size:59px}<\/style><h2 class=\"elementor-heading-title elementor-size-default\">Compre Direto dos Estados Unidos<\/h2>\t\t<\/div>\n\t\t\t\t<\/div>\n\t\t\t\t\t<\/div>\n\t\t\t\t<\/div>\n\t\t<div class=\"elementor-element elementor-element-5ca0beb e-flex e-con-boxed e-con e-child\" data-id=\"5ca0beb\" data-element_type=\"container\">\n\t\t\t\t\t<div class=\"e-con-inner\">\n\t\t\t\t<div class=\"elementor-element elementor-element-3041102 elementor-widget elementor-widget-heading\" data-id=\"3041102\" data-element_type=\"widget\" data-widget_type=\"heading.default\">\n\t\t\t\t<div class=\"elementor-widget-container\">\n\t\t\t<h2 class=\"elementor-heading-title elementor-size-default\"><br>Descubra a facilidade de fazer compras nos Estados Unidos e receber diretamente em sua casa. Explore um mundo de possibilidades sem fronteiras, onde seus desejos se tornam realidade com apenas alguns cliques. Liberte-se das limita\u00e7\u00f5es e mergulhe em uma experi\u00eancia \u00fanica de compras internacionais<\/h2>\t\t<\/div>\n\t\t\t\t<\/div>\n\t\t\t\t\t<\/div>\n\t\t\t\t<\/div>\n\t\t\t\t<\/div>\n\t\t\t\t\t<\/div>\n\t\t\t\t<\/div>\n\t\t\t\t<\/div>\n\t\t","protected":false},"excerpt":{"rendered":"<p>Compre Direto dos Estados Unidos Descubra a facilidade de fazer compras nos Estados Unidos e receber diretamente em sua casa. Explore um mundo de possibilidades sem fronteiras, onde seus desejos se tornam realidade com apenas alguns cliques. Liberte-se das limita\u00e7\u00f5es e mergulhe em uma experi\u00eancia \u00fanica de compras internacionais<\/p>\n","protected":false},"author":1,"featured_media":0,"parent":0,"menu_order":0,"comment_status":"closed","ping_status":"closed","template":"","meta":{"om_disable_all_campaigns":false,"_mi_skip_tracking":false},"aioseo_notices":[],"_links":{"self":[{"href":"https:\/\/iflyexport.com\/index.php\/wp-json\/wp\/v2\/pages\/24"}],"collection":[{"href":"https:\/\/iflyexport.com\/index.php\/wp-json\/wp\/v2\/pages"}],"about":[{"href":"https:\/\/iflyexport.com\/index.php\/wp-json\/wp\/v2\/types\/page"}],"author":[{"embeddable":true,"href":"https:\/\/iflyexport.com\/index.php\/wp-json\/wp\/v2\/users\/1"}],"replies":[{"embeddable":true,"href":"https:\/\/iflyexport.com\/index.php\/wp-json\/wp\/v2\/comments?post=24"}],"version-history":[{"count":5,"href":"https:\/\/iflyexport.com\/index.php\/wp-json\/wp\/v2\/pages\/24\/revisions"}],"predecessor-version":[{"id":64,"href":"https:\/\/iflyexport.com\/index.php\/wp-json\/wp\/v2\/pages\/24\/revisions\/64"}],"wp:attachment":[{"href":"https:\/\/iflyexport.com\/index.php\/wp-json\/wp\/v2\/media?parent=24"}],"curies":[{"name":"wp","href":"https:\/\/api.w.org\/{rel}","templated":true}]}}